{"id":1102,"date":"2026-05-14T15:11:02","date_gmt":"2026-05-14T15:11:02","guid":{"rendered":"https:\/\/smartspothub.shop\/?post_type=product&#038;p=1102"},"modified":"2026-05-14T15:20:34","modified_gmt":"2026-05-14T15:20:34","slug":"ninja-sizzle-pro-xl-indoor-grill-flat-plate-non-stick-ceramic-plates-detachable-lid-grease-catch-recipe-guide-silver-black-gx101uk","status":"publish","type":"product","link":"https:\/\/smartspothub.shop\/de\/produkt\/ninja-sizzle-pro-xl-indoor-grill-flat-plate-non-stick-ceramic-plates-detachable-lid-grease-catch-recipe-guide-silver-black-gx101uk\/","title":{"rendered":"Ninja Sizzle Pro XL Indoor Grill &#038; Flat Plate \u2013 Non-Stick Ceramic Plates, Detachable Lid, Grease Catch &#038; Recipe Guide (Silver\/Black GX101UK)"},"content":{"rendered":"<div data-elementor-type=\"product-post\" data-elementor-id=\"1102\" class=\"elementor elementor-1102\" data-elementor-post-type=\"product\">\n\t\t\t\t<div class=\"elementor-element elementor-element-6a2615e e-flex e-con-boxed e-con e-parent\" data-id=\"6a2615e\" data-element_type=\"container\" data-e-type=\"container\" data-settings=\"{&quot;ekit_has_onepagescroll_dot&quot;:&quot;yes&quot;}\">\n\t\t\t\t\t<div class=\"e-con-inner\">\n\t\t\t\t<div class=\"elementor-element elementor-element-5053d7b0 elementor-widget elementor-widget-image\" data-id=\"5053d7b0\" data-element_type=\"widget\" data-e-type=\"widget\" data-settings=\"{&quot;ekit_we_effect_on&quot;:&quot;none&quot;}\" data-widget_type=\"image.default\">\n\t\t\t\t\t\t\t\t\t\t\t\t\t\t\t<img fetchpriority=\"high\" decoding=\"async\" width=\"800\" height=\"328\" src=\"https:\/\/smartspothub.shop\/wp-content\/uploads\/2026\/05\/56af5c33-40ca-435b-b4d7-f20455b24e4c.__CR001464600_PT0_SX1464_V1___-1024x420.jpg\" class=\"attachment-large size-large wp-image-1115 wvs-archive-product-image\" alt=\"\" srcset=\"https:\/\/smartspothub.shop\/wp-content\/uploads\/2026\/05\/56af5c33-40ca-435b-b4d7-f20455b24e4c.__CR001464600_PT0_SX1464_V1___-1024x420.jpg 1024w, https:\/\/smartspothub.shop\/wp-content\/uploads\/2026\/05\/56af5c33-40ca-435b-b4d7-f20455b24e4c.__CR001464600_PT0_SX1464_V1___-300x123.jpg 300w, https:\/\/smartspothub.shop\/wp-content\/uploads\/2026\/05\/56af5c33-40ca-435b-b4d7-f20455b24e4c.__CR001464600_PT0_SX1464_V1___-768x315.jpg 768w, https:\/\/smartspothub.shop\/wp-content\/uploads\/2026\/05\/56af5c33-40ca-435b-b4d7-f20455b24e4c.__CR001464600_PT0_SX1464_V1___-18x7.jpg 18w, https:\/\/smartspothub.shop\/wp-content\/uploads\/2026\/05\/56af5c33-40ca-435b-b4d7-f20455b24e4c.__CR001464600_PT0_SX1464_V1___-600x246.jpg 600w, https:\/\/smartspothub.shop\/wp-content\/uploads\/2026\/05\/56af5c33-40ca-435b-b4d7-f20455b24e4c.__CR001464600_PT0_SX1464_V1___.jpg 1464w\" sizes=\"(max-width: 800px) 100vw, 800px\" \/>\t\t\t\t\t\t\t\t\t\t\t\t\t\t\t<\/div>\n\t\t\t\t<div class=\"elementor-element elementor-element-77130a82 elementor-widget elementor-widget-image\" data-id=\"77130a82\" data-element_type=\"widget\" data-e-type=\"widget\" data-settings=\"{&quot;ekit_we_effect_on&quot;:&quot;none&quot;}\" data-widget_type=\"image.default\">\n\t\t\t\t\t\t\t\t\t\t\t\t\t\t\t<img decoding=\"async\" width=\"800\" height=\"328\" src=\"https:\/\/smartspothub.shop\/wp-content\/uploads\/2026\/05\/55be7b00-e432-4a11-b8e0-6ccf35b72ab1.__CR001464600_PT0_SX1464_V1___-1024x420.jpg\" class=\"attachment-large size-large wp-image-1116 wvs-archive-product-image\" alt=\"\" srcset=\"https:\/\/smartspothub.shop\/wp-content\/uploads\/2026\/05\/55be7b00-e432-4a11-b8e0-6ccf35b72ab1.__CR001464600_PT0_SX1464_V1___-1024x420.jpg 1024w, https:\/\/smartspothub.shop\/wp-content\/uploads\/2026\/05\/55be7b00-e432-4a11-b8e0-6ccf35b72ab1.__CR001464600_PT0_SX1464_V1___-300x123.jpg 300w, https:\/\/smartspothub.shop\/wp-content\/uploads\/2026\/05\/55be7b00-e432-4a11-b8e0-6ccf35b72ab1.__CR001464600_PT0_SX1464_V1___-768x315.jpg 768w, https:\/\/smartspothub.shop\/wp-content\/uploads\/2026\/05\/55be7b00-e432-4a11-b8e0-6ccf35b72ab1.__CR001464600_PT0_SX1464_V1___-18x7.jpg 18w, https:\/\/smartspothub.shop\/wp-content\/uploads\/2026\/05\/55be7b00-e432-4a11-b8e0-6ccf35b72ab1.__CR001464600_PT0_SX1464_V1___-600x246.jpg 600w, https:\/\/smartspothub.shop\/wp-content\/uploads\/2026\/05\/55be7b00-e432-4a11-b8e0-6ccf35b72ab1.__CR001464600_PT0_SX1464_V1___.jpg 1464w\" sizes=\"(max-width: 800px) 100vw, 800px\" \/>\t\t\t\t\t\t\t\t\t\t\t\t\t\t\t<\/div>\n\t\t\t\t<div class=\"elementor-element elementor-element-4afb4d6a elementor-widget elementor-widget-image\" data-id=\"4afb4d6a\" data-element_type=\"widget\" data-e-type=\"widget\" data-settings=\"{&quot;ekit_we_effect_on&quot;:&quot;none&quot;}\" data-widget_type=\"image.default\">\n\t\t\t\t\t\t\t\t\t\t\t\t\t\t\t<img decoding=\"async\" width=\"800\" height=\"328\" src=\"https:\/\/smartspothub.shop\/wp-content\/uploads\/2026\/05\/07d45b3c-f283-444e-9a1a-d6fe7884eb08.__CR001464600_PT0_SX1464_V1___-1-1024x420.jpg\" class=\"attachment-large size-large wp-image-1117 wvs-archive-product-image\" alt=\"\" srcset=\"https:\/\/smartspothub.shop\/wp-content\/uploads\/2026\/05\/07d45b3c-f283-444e-9a1a-d6fe7884eb08.__CR001464600_PT0_SX1464_V1___-1-1024x420.jpg 1024w, https:\/\/smartspothub.shop\/wp-content\/uploads\/2026\/05\/07d45b3c-f283-444e-9a1a-d6fe7884eb08.__CR001464600_PT0_SX1464_V1___-1-300x123.jpg 300w, https:\/\/smartspothub.shop\/wp-content\/uploads\/2026\/05\/07d45b3c-f283-444e-9a1a-d6fe7884eb08.__CR001464600_PT0_SX1464_V1___-1-768x315.jpg 768w, https:\/\/smartspothub.shop\/wp-content\/uploads\/2026\/05\/07d45b3c-f283-444e-9a1a-d6fe7884eb08.__CR001464600_PT0_SX1464_V1___-1-18x7.jpg 18w, https:\/\/smartspothub.shop\/wp-content\/uploads\/2026\/05\/07d45b3c-f283-444e-9a1a-d6fe7884eb08.__CR001464600_PT0_SX1464_V1___-1-600x246.jpg 600w, https:\/\/smartspothub.shop\/wp-content\/uploads\/2026\/05\/07d45b3c-f283-444e-9a1a-d6fe7884eb08.__CR001464600_PT0_SX1464_V1___-1.jpg 1464w\" sizes=\"(max-width: 800px) 100vw, 800px\" \/>\t\t\t\t\t\t\t\t\t\t\t\t\t\t\t<\/div>\n\t\t\t\t<div class=\"elementor-element elementor-element-2c8cb74 elementor-widget elementor-widget-image\" data-id=\"2c8cb74\" data-element_type=\"widget\" data-e-type=\"widget\" data-settings=\"{&quot;ekit_we_effect_on&quot;:&quot;none&quot;}\" data-widget_type=\"image.default\">\n\t\t\t\t\t\t\t\t\t\t\t\t\t\t\t<img loading=\"lazy\" decoding=\"async\" width=\"800\" height=\"328\" src=\"https:\/\/smartspothub.shop\/wp-content\/uploads\/2026\/05\/70bd30ed-2568-4baa-928d-8ab2674ed1ca.__CR001464600_PT0_SX1464_V1___-1024x420.jpg\" class=\"attachment-large size-large wp-image-1118 wvs-archive-product-image\" alt=\"\" srcset=\"https:\/\/smartspothub.shop\/wp-content\/uploads\/2026\/05\/70bd30ed-2568-4baa-928d-8ab2674ed1ca.__CR001464600_PT0_SX1464_V1___-1024x420.jpg 1024w, https:\/\/smartspothub.shop\/wp-content\/uploads\/2026\/05\/70bd30ed-2568-4baa-928d-8ab2674ed1ca.__CR001464600_PT0_SX1464_V1___-300x123.jpg 300w, https:\/\/smartspothub.shop\/wp-content\/uploads\/2026\/05\/70bd30ed-2568-4baa-928d-8ab2674ed1ca.__CR001464600_PT0_SX1464_V1___-768x315.jpg 768w, https:\/\/smartspothub.shop\/wp-content\/uploads\/2026\/05\/70bd30ed-2568-4baa-928d-8ab2674ed1ca.__CR001464600_PT0_SX1464_V1___-18x7.jpg 18w, https:\/\/smartspothub.shop\/wp-content\/uploads\/2026\/05\/70bd30ed-2568-4baa-928d-8ab2674ed1ca.__CR001464600_PT0_SX1464_V1___-600x246.jpg 600w, https:\/\/smartspothub.shop\/wp-content\/uploads\/2026\/05\/70bd30ed-2568-4baa-928d-8ab2674ed1ca.__CR001464600_PT0_SX1464_V1___.jpg 1464w\" sizes=\"(max-width: 800px) 100vw, 800px\" \/>\t\t\t\t\t\t\t\t\t\t\t\t\t\t\t<\/div>\n\t\t\t\t<div class=\"elementor-element elementor-element-3334caf5 elementor-widget elementor-widget-text-editor\" data-id=\"3334caf5\" data-element_type=\"widget\" data-e-type=\"widget\" data-settings=\"{&quot;ekit_we_effect_on&quot;:&quot;none&quot;}\" data-widget_type=\"text-editor.default\">\n\t\t\t\t\t\t\t\t\t<div class=\"elementor-element elementor-element-708b5d3 e-con-full e-flex e-con e-child\" data-id=\"708b5d3\" data-element_type=\"container\" data-settings=\"{&quot;ekit_has_onepagescroll_dot&quot;:&quot;yes&quot;}\">\n    <div class=\"elementor-element elementor-element-bc07a69 elementor-widget elementor-widget-text-editor\" data-id=\"bc07a69\" data-element_type=\"widget\" data-settings=\"{&quot;ekit_we_effect_on&quot;:&quot;none&quot;}\" data-widget_type=\"text-editor.default\">\n        <div class=\"elementor-widget-container\">\n            # Produktinformation\n\n<div class=\"product-table\">\n  <div class=\"product-row\">\n    <div class=\"product-label\">Specialejenskaber<\/div>\n    <div class=\"product-value\">Antibakende overflade<\/div>\n  <\/div>\n  <div class=\"product-row\">\n    <div class=\"product-label\"><strong>Farve<\/strong><\/div>\n    <div class=\"product-value\"><strong>Sort og rustfrit st\u00e5l<\/strong><\/div>\n  <\/div>\n  <div class=\"product-row\">\n    <div class=\"product-label\"><strong>M\u00e6rke<\/strong><\/div>\n    <div class=\"product-value\"><strong>Ninja<\/strong><\/div>\n  <\/div>\n  <div class=\"product-row\">\n    <div class=\"product-label\"><strong>Produktdimensioner<\/strong><\/div>\n    <div class=\"product-value\"><strong>50 cm dyb. x 39 cm b. x 15 cm h.<\/strong><\/div>\n  <\/div>\n  <div class=\"product-row\">\n    <div class=\"product-label\"><strong>V\u00e6gt af varen<\/strong><\/div>\n    <div class=\"product-value\"><strong>5,7 kg<\/strong><\/div>\n  <\/div>\n  <div class=\"product-row\">\n    <div class=\"product-label\"><strong>Medf\u00f8lgende komponenter<\/strong><\/div>\n    <div class=\"product-value\"><strong>1 Ninja Sizzle Pro XL elgrill, 1 antibakende stegeskive, 1 fedtsk\u00e5l, 1 str\u00f8mkabel, 1 brugsanvisning (dansk sprog)<\/strong><\/div>\n  <\/div>\n  <div class=\"product-row\">\n    <div class=\"product-label\"><strong>Producent<\/strong><\/div>\n    <div class=\"product-value\"><strong>SharkNinja Operating LLC<\/strong><\/div>\n  <\/div>\n  <div class=\"product-row\">\n    <div class=\"product-label\"><strong>ASIN<\/strong><\/div>\n    <div class=\"product-value\"><strong>B0BDKV2FZQ<\/strong><\/div>\n  <\/div>\n  <div class=\"product-row\">\n    <div class=\"product-label\"><strong>Produktmodelnummer<\/strong><\/div>\n    <div class=\"product-value\"><strong>AG301<\/strong><\/div>\n  <\/div>\n  <div class=\"product-row\">\n    <div class=\"product-label\"><strong>Gennemsnitlig kundeanmeldelse<\/strong><\/div>\n    <div class=\"product-value\"><strong>4,7 \u2605\u2605\u2605\u2605\u2605 (1256) 4,7 af 5 stjerner<\/strong><\/div>\n  <\/div>\n  <div class=\"product-row\">\n    <div class=\"product-label\"><strong>Placering i Amazons salgsrigeste<\/strong><\/div>\n    <div class=\"product-value\"><strong>nr. 3.892 i Hjem og K\u00f8kken (Se Top 100 i Hjem og K\u00f8kken) nr. 1 i Indend\u00f8rs elgriller<\/strong><\/div>\n  <\/div>\n  <div class=\"product-row\">\n    <div class=\"product-label\"><strong>Produkt tilg\u00e6ngeligt p\u00e5 amazon.com fra<\/strong><\/div>\n    <div class=\"product-value\"><strong>15. marts 2024<\/strong><\/div>\n  <\/div>\n<\/div>\n\n<style>\n.product-table {\n  width: 100%;\n  border-top: 1px solid #000;\n  font-family: Arial, sans-serif;\n}\n\n.product-row {\n  display: flex;\n  border-bottom: 1px solid #000;\n  padding: 12px 0;\n}\n\n.product-label {\n  flex: 1;\n  font-weight: bold;\n  min-width: 200px;\n  padding-right: 20px;\n}\n\n.product-value {\n  flex: 1;\n  min-width: 200px;\n}\n<\/style>\n        <\/div>\n    <\/div>\n<\/div>\t\t\t\t\t\t\t\t<\/div>\n\t\t\t\t\t<\/div>\n\t\t\t\t<\/div>\n\t\t\t\t<\/div>","protected":false},"excerpt":{"rendered":"<p># Produktinformation Specialejenskaber Antibakende overflade Farve Sort og rustfrit st\u00e5l M\u00e6rke Ninja Produktdimensioner 50 cm dyb. x 39 cm b. x 15 cm h. V\u00e6gt af varen 5,7 kg Medf\u00f8lgende komponenter 1 Ninja Sizzle Pro XL elgrill, 1 antibakende stegeskive, 1 fedtsk\u00e5l, 1 str\u00f8mkabel, 1 brugsanvisning (dansk sprog) Producent SharkNinja Operating LLC ASIN B0BDKV2FZQ Produktmodelnummer [&hellip;]<\/p>\n","protected":false},"featured_media":1103,"comment_status":"open","ping_status":"closed","template":"","meta":{"_acf_changed":false},"product_brand":[],"product_cat":[22,35],"product_tag":[],"class_list":{"0":"post-1102","1":"product","2":"type-product","3":"status-publish","4":"has-post-thumbnail","6":"product_cat-kitchen","7":"product_cat-new-in","9":"first","10":"instock","11":"sale","12":"shipping-taxable","13":"purchasable","14":"product-type-simple"},"acf":[],"_links":{"self":[{"href":"https:\/\/smartspothub.shop\/de\/wp-json\/wp\/v2\/product\/1102","targetHints":{"allow":["GET"]}}],"collection":[{"href":"https:\/\/smartspothub.shop\/de\/wp-json\/wp\/v2\/product"}],"about":[{"href":"https:\/\/smartspothub.shop\/de\/wp-json\/wp\/v2\/types\/product"}],"replies":[{"embeddable":true,"href":"https:\/\/smartspothub.shop\/de\/wp-json\/wp\/v2\/comments?post=1102"}],"version-history":[{"count":5,"href":"https:\/\/smartspothub.shop\/de\/wp-json\/wp\/v2\/product\/1102\/revisions"}],"predecessor-version":[{"id":1126,"href":"https:\/\/smartspothub.shop\/de\/wp-json\/wp\/v2\/product\/1102\/revisions\/1126"}],"wp:featuredmedia":[{"embeddable":true,"href":"https:\/\/smartspothub.shop\/de\/wp-json\/wp\/v2\/media\/1103"}],"wp:attachment":[{"href":"https:\/\/smartspothub.shop\/de\/wp-json\/wp\/v2\/media?parent=1102"}],"wp:term":[{"taxonomy":"product_brand","embeddable":true,"href":"https:\/\/smartspothub.shop\/de\/wp-json\/wp\/v2\/product_brand?post=1102"},{"taxonomy":"product_cat","embeddable":true,"href":"https:\/\/smartspothub.shop\/de\/wp-json\/wp\/v2\/product_cat?post=1102"},{"taxonomy":"product_tag","embeddable":true,"href":"https:\/\/smartspothub.shop\/de\/wp-json\/wp\/v2\/product_tag?post=1102"}],"curies":[{"name":"wp","href":"https:\/\/api.w.org\/{rel}","templated":true}]}}